{"id":213,"date":"2017-08-23T13:23:13","date_gmt":"2017-08-23T13:23:13","guid":{"rendered":"http:\/\/klub-as.pl\/?page_id=213"},"modified":"2026-04-14T07:36:15","modified_gmt":"2026-04-14T07:36:15","slug":"obozy-2","status":"publish","type":"page","link":"http:\/\/klub-as.pl\/?page_id=213","title":{"rendered":"Obozy"},"content":{"rendered":"<p>Wyjazd rowerowo- sp\u0142ywowy w maju &#8211;<a href=\"http:\/\/klub-as.pl\/wp-content\/uploads\/2026\/03\/Wyjazd-w-Pieniny-w-maju-2026-1.pdf\">DOC<\/a><\/p>\n<p>wakacyjny ob\u00f3z w COS Gi\u017cycko &#8211; <a href=\"http:\/\/klub-as.pl\/wp-content\/uploads\/2026\/03\/Oboz-sportowy-w-COS-w-Gizycku-2026.pdf\">DOC<\/a><\/p>\n<p>Wakacyjny ob\u00f3z w COS Cetniewo &#8211;<a href=\"http:\/\/klub-as.pl\/wp-content\/uploads\/2026\/03\/Wakacyjny-oboz-w-Cetniewie-2026.pdf\"> DOC<\/a><\/p>\n<p>Wakacyjny ob\u00f3z sportowy Gi\u017cycko &#8211; sierpie\u0144 &#8211; <a href=\"http:\/\/klub-as.pl\/wp-content\/uploads\/2026\/04\/Oboz-sportowy-w-COS-w-Gizycku-2026-sierpien.pdf\">DOC<\/a><\/p>\n<p>&nbsp;<\/p>\n<p>&nbsp;<\/p>\n<p>&nbsp;<\/p>\n<p>wyprawa rowerowa do Nepalu &#8211;<a href=\"http:\/\/klub-as.pl\/wp-content\/uploads\/2024\/01\/Wprawa-Rowerowa-Nepal-2024-2.pdf\"> DOC<\/a><\/p>\n<p>&nbsp;<\/p>\n<p>Zgoda rodzic\u00f3w oraz regulamin obozowy <a href=\"http:\/\/klub-as.pl\/wp-content\/uploads\/2017\/08\/113.ZGODA-RODZICOW-NA-WYJAZD-DZIECKA-wzor.doc\">DOC<\/a><\/p>\n<p>Zgoda rodzic\u00f3w oraz regulamin obozy ENG <a href=\"http:\/\/klub-as.pl\/wp-content\/uploads\/2023\/06\/Zgoda-rodzic\u00f3w-na-wyjazd-ENG.docx\">DOC<\/a><\/p>\n<p>Karta obozowa <a href=\"http:\/\/klub-as.pl\/wp-content\/uploads\/2017\/08\/112.karta_KWALIFIKACYJNA.doc\">DOC<\/a><\/p>\n<p>Karta Obozowa ENG <a href=\"http:\/\/klub-as.pl\/wp-content\/uploads\/2023\/06\/Karta-Obozowa-ENG.docx\">DOC<\/a><\/p>\n","protected":false},"excerpt":{"rendered":"<p>Wyjazd rowerowo- sp\u0142ywowy w maju &#8211;DOC wakacyjny ob\u00f3z w COS Gi\u017cycko &#8211; DOC Wakacyjny ob\u00f3z w COS Cetniewo &#8211; DOC [&hellip;]<\/p>\n","protected":false},"author":2,"featured_media":0,"parent":0,"menu_order":0,"comment_status":"closed","ping_status":"closed","template":"","meta":{"footnotes":""},"_links":{"self":[{"href":"http:\/\/klub-as.pl\/index.php?rest_route=\/wp\/v2\/pages\/213"}],"collection":[{"href":"http:\/\/klub-as.pl\/index.php?rest_route=\/wp\/v2\/pages"}],"about":[{"href":"http:\/\/klub-as.pl\/index.php?rest_route=\/wp\/v2\/types\/page"}],"author":[{"embeddable":true,"href":"http:\/\/klub-as.pl\/index.php?rest_route=\/wp\/v2\/users\/2"}],"replies":[{"embeddable":true,"href":"http:\/\/klub-as.pl\/index.php?rest_route=%2Fwp%2Fv2%2Fcomments&post=213"}],"version-history":[{"count":252,"href":"http:\/\/klub-as.pl\/index.php?rest_route=\/wp\/v2\/pages\/213\/revisions"}],"predecessor-version":[{"id":3402,"href":"http:\/\/klub-as.pl\/index.php?rest_route=\/wp\/v2\/pages\/213\/revisions\/3402"}],"wp:attachment":[{"href":"http:\/\/klub-as.pl\/index.php?rest_route=%2Fwp%2Fv2%2Fmedia&parent=213"}],"curies":[{"name":"wp","href":"https:\/\/api.w.org\/{rel}","templated":true}]}}