{"id":25,"date":"2014-06-04T06:02:11","date_gmt":"2014-06-04T06:02:11","guid":{"rendered":"http:\/\/localhost\/wordpress3\/?page_id=25"},"modified":"2023-12-18T13:19:04","modified_gmt":"2023-12-18T13:19:04","slug":"about","status":"publish","type":"page","link":"http:\/\/klub-as.pl\/?page_id=25","title":{"rendered":"O nas"},"content":{"rendered":"<div class=\"cols-wrapper cols-3\">\n<div class=\"col\">\n<p><span style=\"color: #ffcc00;\"><strong>Klub Sportowy &#8222;AS&#8221; jest najwi\u0119kszym w Polsce organizatorem zaj\u0119\u0107 sportowych dla dzieci i m\u0142odzie\u017cy w zakresie narciarstwa alpejskiego. Istniej\u0105c nieprzerwanie od 1991 roku posiada imponuj\u0105cy dorobek i kolekcj\u0119 trofe\u00f3w sportowych.<\/strong><\/span><\/p>\n<p>Zawodnicy AS-a wielokrotnie byli Mistrzami Polski, brali udzia\u0142 w zawodach Pucharu \u015awiata, Mistrzostwach \u015awiata i Igrzyskach Olimpijskich. Podstawowym kierunkiem dzia\u0142alno\u015bci klubu jest organizacja zaj\u0119\u0107 sportowo-rekreacyjnych dla dzieci i m\u0142odzie\u017cy. Zaj\u0119cia s\u0105 prowadzone w cyklu ca\u0142orocznym z jednomiesi\u0119czn\u0105 przerwa wakacyjn\u0105.<\/p>\n<\/div>\n<div class=\"col\">\n<p><span style=\"color: #ffcc00;\">Program szkoleniowy obejmuje: narciarstwo alpejskie, tenis, p\u0142ywanie, jazd\u0119 na \u0142y\u017cworolkach, wspinanie ska\u0142kowe oraz sporadycznie &#8211; windsurfing, jazd\u0119 konn\u0105.<\/span><\/p>\n<p>Tygodniowy program szkoleniowy obejmuje od czterech do pi\u0119ciu zaj\u0119\u0107, w odpowiednich wiekowo grupach szkoleniowych.<\/p>\n<p>Zaj\u0119cia prowadzone s\u0105 przez trener\u00f3w i instruktor\u00f3w PZN legitymuj\u0105cych si\u0119 dyplomami wy\u017cszych uczelni,bogatym dorobkiem sportowym i du\u017cym do\u015bwiadczeniem zawodowym.<\/p>\n<\/div>\n<div class=\"col nomargin\">\n<p>W ci\u0105gu ca\u0142orocznej dzia\u0142alno\u015bci nasz klub organizuje obozy sportowe &#8211; letnie i zimowe. Nasze obozy organizujemy nie tylko w okresie wakacji letnich czy ferii zimowych, ale tak\u017ce wyjazdy na lodowce czy wiosenne wyjazdy w Alpy francuskie.<\/p>\n<p><span style=\"color: #ffcc00;\">Uczestnikami naszych wyjazd\u00f3w s\u0105 nie tylko szkolone dzieci ale r\u00f3wnie\u017c osoby spoza klubu Od kilku lat organizujemy r\u00f3wnie\u017c obozy narciarskie dla doros\u0142ych.<\/span><\/p>\n<p><strong>Zapraszamy<\/strong> \ud83d\ude42<\/p>\n<\/div>\n<\/div>\n<div class=\"section-full-width section-dark\" style=\"background-color:#454545;\" id=\"trenerzyiinstruktorzy\"><div class=\"section-boxed\" style=\"color:#ffffff;\"><h2 class=\"section-title\" style=\"color:#ffffff;\">Trenerzy i instruktorzy<\/h2><h4 style=\"color:#ffffff;\" class=\"sub-title\">Klub Sportowy AS<\/h4><\/p>\n<div class=\"cols-wrapper cols-3\">\n<div class=\"col\">\n<div style=\"width: 300px; height: 600px; background-color: #414141;\">\n<div><a class=\"lightbox-image\" title=\"\" data-rel=\"lightbox\"><img loading=\"lazy\" decoding=\"async\" class=\"img-frame aligncenter\" src=\"http:\/\/klub-as.pl\/wp-content\/uploads\/2023\/11\/o-nas-koro-500px.jpg\" width=\"300\" height=\"300\" \/><\/a><\/div>\n<div>\n<div style=\"padding: 10px 30px 30px 30px; text-align: left;\"><strong>Marek Korzeniowski<\/strong><br \/>\ntrener II klasy narciarstwa, absolwent AWF w Krakowie, by\u0142y zawodnik klubu BBTS W\u0142\u00f3kniarz, specjalizowa\u0142 si\u0119 konkurencjach technicznych, trener zawodnik\u00f3w Pucharu \u015awiata i Olimpiad zimowych. Pracuje w Klubie Sportowym AS od pocz\u0105tku jego istnienia<\/div>\n<\/div>\n<\/div>\n<\/div>\n<div class=\"col\">\n<div style=\"width: 300px; height: 600px; background-color: #414141;\">\n<div><a class=\"lightbox-image\" title=\"\" data-rel=\"lightbox\"><img loading=\"lazy\" decoding=\"async\" class=\"img-frame aligncenter\" src=\"http:\/\/klub-as.pl\/wp-content\/uploads\/2023\/11\/o-nas-kata-500px.jpg\" width=\"300\" height=\"300\" \/><\/a><\/div>\n<div>\n<div style=\"padding: 10px 30px 30px 30px; text-align: left;\"><strong>Katarzyna Szafra\u0144ska<\/strong><br \/>\ntrener II klasy narciarstwa, Absolwentka AWF w Katowicach, Olimpijka z Calgary, uczestniczka Mistrzostw \u015awiata i Pucharu \u015awiata, Prezes Klubu Sportowego AS, pracuje w Klubie od samego pocz\u0105tku<\/div>\n<\/div>\n<\/div>\n<\/div>\n<div class=\"col\">\n<div style=\"width: 300px; height: 600px; background-color: #414141;\">\n<div><a class=\"lightbox-image\" title=\"\" data-rel=\"lightbox\"><img loading=\"lazy\" decoding=\"async\" class=\"img-frame aligncenter\" src=\"http:\/\/klub-as.pl\/wp-content\/uploads\/2023\/11\/o-nas-dawid-500px.jpg\" width=\"300\" height=\"300\" \/><\/a><\/div>\n<div>\n<div style=\"padding: 10px 30px 30px 30px; text-align: left;\"><strong>Dawida Zawi\u0142a<\/strong><br \/>\ntrener I klasy narciarstwa, absolwent AWF w Katowice, by\u0142y zawodnik narciarski, pracuje w Klubie Sportowy AS od 7 lat<\/div>\n<\/div>\n<\/div>\n<\/div>\n<\/div>\n<div class=\"cols-wrapper cols-3\">\n<div class=\"col\">\n<div style=\"width: 300px; height: 600px; background-color: #414141;\">\n<div><a class=\"lightbox-image\" title=\"\" data-rel=\"lightbox\"><img loading=\"lazy\" decoding=\"async\" class=\"img-frame aligncenter\" src=\"http:\/\/klub-as.pl\/wp-content\/uploads\/2023\/11\/o-nas-karolina-500px.jpg\" width=\"300\" height=\"300\" \/><\/a><\/div>\n<div>\n<div style=\"padding: 10px 30px 30px 30px; text-align: left;\"><strong>Karolina Zawi\u0142a (Mr\u00f3zek)<\/strong><br \/>\ntrener narciarstwa, zawodniczka kadry narodowej, pracuje w Klubie Sportowym AS od 2023 roku<\/div>\n<\/div>\n<\/div>\n<\/div>\n<div class=\"col\">\n<div style=\"width: 300px; height: 600px; background-color: #414141;\">\n<div><a class=\"lightbox-image\" title=\"\" data-rel=\"lightbox\"><img loading=\"lazy\" decoding=\"async\" class=\"img-frame aligncenter\" src=\"http:\/\/klub-as.pl\/wp-content\/uploads\/2023\/12\/o-nas-jacek-500px.jpg\" width=\"300\" height=\"300\" \/><\/a><\/div>\n<div>\n<div style=\"padding: 10px 30px 30px 30px; text-align: left;\"><strong>Jacek Buli\u0144ski<\/strong><br \/>\ntrener, absolwent AWF w warszawie, opr\u00f3cz narciarstwa prowadzi w klubie nauk\u0119 tenisa ziemnego, pracuje w Klubie Sportowym AS od 20 lat<\/div>\n<\/div>\n<\/div>\n<\/div>\n<div class=\"col\">\n<div style=\"width: 300px; height: 600px; background-color: #414141;\">\n<div><a class=\"lightbox-image\" title=\"\" data-rel=\"lightbox\"><img loading=\"lazy\" decoding=\"async\" class=\"img-frame aligncenter\" src=\"http:\/\/klub-as.pl\/wp-content\/uploads\/2023\/11\/o-nas-misiek-500px.jpg\" width=\"300\" height=\"300\" \/><\/a><\/div>\n<div>\n<div style=\"padding: 10px 30px 30px 30px; text-align: left;\"><strong>Alfred Sosg\u00f3rnik III<\/strong><br \/>\ninstruktor narciarstwa, by\u0142y zawodnik Klubu Sportowego AS, pracuje w Klubie Sportowym AS od 10 lat<\/div>\n<\/div>\n<\/div>\n<\/div>\n<\/div>\n<p>\n<\/div><\/div>\n","protected":false},"excerpt":{"rendered":"<p>Klub Sportowy &#8222;AS&#8221; jest najwi\u0119kszym w Polsce organizatorem zaj\u0119\u0107 sportowych dla dzieci i m\u0142odzie\u017cy w zakresie narciarstwa alpejskiego. Istniej\u0105c nieprzerwanie [&hellip;]<\/p>\n","protected":false},"author":2,"featured_media":0,"parent":0,"menu_order":0,"comment_status":"closed","ping_status":"closed","template":"template-full-custom.php","meta":{"footnotes":""},"_links":{"self":[{"href":"http:\/\/klub-as.pl\/index.php?rest_route=\/wp\/v2\/pages\/25"}],"collection":[{"href":"http:\/\/klub-as.pl\/index.php?rest_route=\/wp\/v2\/pages"}],"about":[{"href":"http:\/\/klub-as.pl\/index.php?rest_route=\/wp\/v2\/types\/page"}],"author":[{"embeddable":true,"href":"http:\/\/klub-as.pl\/index.php?rest_route=\/wp\/v2\/users\/2"}],"replies":[{"embeddable":true,"href":"http:\/\/klub-as.pl\/index.php?rest_route=%2Fwp%2Fv2%2Fcomments&post=25"}],"version-history":[{"count":41,"href":"http:\/\/klub-as.pl\/index.php?rest_route=\/wp\/v2\/pages\/25\/revisions"}],"predecessor-version":[{"id":2952,"href":"http:\/\/klub-as.pl\/index.php?rest_route=\/wp\/v2\/pages\/25\/revisions\/2952"}],"wp:attachment":[{"href":"http:\/\/klub-as.pl\/index.php?rest_route=%2Fwp%2Fv2%2Fmedia&parent=25"}],"curies":[{"name":"wp","href":"https:\/\/api.w.org\/{rel}","templated":true}]}}